{"id":692,"date":"2026-02-03T16:20:02","date_gmt":"2026-02-03T16:20:02","guid":{"rendered":"https:\/\/nataleautronic.com\/nuovo\/product\/petrol10-dpf-remover-multifunzione\/"},"modified":"2026-02-03T16:20:17","modified_gmt":"2026-02-03T16:20:17","slug":"petrol10-dpf-remover-multifunzione","status":"publish","type":"product","link":"https:\/\/nataleautronic.com\/nuovo\/shop\/petrol10-dpf-remover-multifunzione\/","title":{"rendered":"Petrol10 (DPF Remover) &#8211; Multifunzione"},"content":{"rendered":"<div class=\"fcontent-singlepage-content clearfix justify\">\n<p>La domanda pi\u00f9 frequente che ricevo via e-mail \u00e8 &#8220;Questo software funziona davvero? Funzionano tutte le soluzioni?&#8221;, lascia che vi dico &#8211; niente \u00e8 perfetto &#8211; e il gran numero di firmware e aggiornamenti disponibili pu\u00f2 interrompere una soluzione funzionante. Questo non considera nemmeno i diversi possibili danni extra che qualsiasi veicolo pu\u00f2 avere al di fuori di ci\u00f2 che si cerca di ottenere senza considerare i diversi possibili danni extra che qualsiasi veicolo pu\u00f2 avere al di fuori di ci\u00f2 che stai cercando di ottenere.<\/p>\n<p><strong class=\"bbcode bold\">Ecco un elenco riepilogativo delle soluzioni attualmente disponibili:<\/strong><\/p>\n<table border=\"0\">\n<tbody>\n<tr>\n<td>DTC OFF<\/td>\n<td>&#8211; Rimuove le avarie dalla centralina motore<\/td>\n<\/tr>\n<tr>\n<td>DPF OFF<\/td>\n<td>&#8211; Disabilita il filtro antiparticolato diesel<\/td>\n<\/tr>\n<tr>\n<td>EGR OFF (Unplugged)<\/td>\n<td>&#8211; Rimuove la valvola EGR<\/td>\n<\/tr>\n<tr>\n<td>EGR OFF<\/td>\n<td>&#8211; Disabilita il funzionamento della valvola EGR<\/td>\n<\/tr>\n<tr>\n<td>EGR CLOSE<\/td>\n<td>&#8211; La valvola EGR \u00e8 chiusa tranne durante la rigenerazione del filtro antiparticolato<\/td>\n<\/tr>\n<tr>\n<td>VMAX OFF<\/td>\n<td>&#8211; Disabilita il limitatore di velocit\u00e0<\/td>\n<\/tr>\n<tr>\n<td>SWIRL OFF<\/td>\n<td>&#8211; Disabilita il funzionamento delle farfalle nel collettore di aspirazione<\/td>\n<\/tr>\n<tr>\n<td>KAT OFF<\/td>\n<td>&#8211; Disabilita la diagnosi del catalizzatore<\/td>\n<\/tr>\n<tr>\n<td>MAF MAP<\/td>\n<td>&#8211; Abilita il calcolo della massa aria tramite il sensore turbo<\/td>\n<\/tr>\n<tr>\n<td>MAP LIN<\/td>\n<td>&#8211; Modifica la linearizzazione turbo per un sensore da 4 Bar<\/td>\n<\/tr>\n<tr>\n<td>MAF OFF<\/td>\n<td>&#8211; Rimuove il misuratore massa aria (debimetro)<\/td>\n<\/tr>\n<tr>\n<td>ADBLUE OFF<\/td>\n<td>&#8211; Disabilitare la riduzione catalitica selettiva (SCR)<\/td>\n<\/tr>\n<tr>\n<td>OBD PROT<\/td>\n<td>&#8211; Disabilita la lettura dalla porta OBD<\/td>\n<\/tr>\n<tr>\n<td>HOT START<\/td>\n<td>&#8211; Permette al motore di avviarsi quando \u00e8 caldo<\/td>\n<\/tr>\n<tr>\n<td>TRQ UNLOCK<\/td>\n<td>&#8211; Disabilita la protezione del monitoraggio della coppia<\/td>\n<\/tr>\n<tr>\n<td>TPROT OFF<\/td>\n<td>&#8211; Disabilita la protezione anti-tuning OBD<\/td>\n<\/tr>\n<tr>\n<td>TVA OFF<\/td>\n<td>&#8211; Rimuove la valvola a farfalla di spegnimento<\/td>\n<\/tr>\n<tr>\n<td>TVA UNLOCK<\/td>\n<td>&#8211; Sblocca l&#8217;apertura massima dell&#8217;attuatore della valvola a farfalla<\/td>\n<\/tr>\n<tr>\n<td>INJ CODES<\/td>\n<td>&#8211; Disabilita la segnalazione di iniettori difettosi<\/td>\n<\/tr>\n<tr>\n<td>SPORT KAT<\/td>\n<td>&#8211; Disabilita la diagnosi del catalizzatore mantenendo la sonda lambda<\/td>\n<\/tr>\n<tr>\n<td>GLOW PLUG OFF<\/td>\n<td>&#8211; Disabilita la diagnosi delle candelette<\/td>\n<\/tr>\n<\/tbody>\n<\/table>\n<p>L&#8217;interfaccia utente del software \u00e8 volutamente semplice per facilitare la curva di apprendimento, l&#8217;utilizzo di base \u00e8:<\/p>\n<p>1. selezionare dall&#8217;elenco un modello di centralina motore e la relativa soluzione;<br \/>\n2. leggere il pannello messaggi per eventuali raccomandazioni da seguire sul veicolo;<br \/>\n3. caricare il file BIN che \u00e8 stato letto da OBD, Bootmode, Bench o BDM con il pulsante APRI;<br \/>\n4. premere il pulsante RIPARA per avviare l&#8217;attivit\u00e0;<\/p>\n<p>&#8230; attendi il completamento dell&#8217;attivit\u00e0<\/p>\n<p>5. se necessario rimuovere i codici di errore aggiuntivi con il modulo di rimozione dtc integrato;<br \/>\n6. salva il tuo lavoro finito.<\/p>\n<p>Se il software non riesce ad applicare le modifiche, riceverai un messaggio con una descrizione della situazione e ti verr\u00e0 chiesto di inviarci il file originale tramite la finestra &#8220;Invia all&#8217;assistenza&#8221; per segnalare il problema al nostro staff.<\/p>\n<p>Vedi tutte le ultime aggiunte e i &#8220;lavori in corso&#8221; visualizzando il file\u00a0<a class=\"bbcode\" href=\"https:\/\/www.mtx-electronics.com\/docs\/DPF_Remover-readme.txt\">readme.txt<\/a><\/p>\n<\/div>\n<h5>Licensa d&#8217;uso<\/h5>\n<div class=\"fcontent-singlepage-content clearfix justify\">\n<p>L&#8217;applicazione \u00e8 protetta con una dongle USB che vi verr\u00e0 spedita dopo l&#8217;acquisto. E&#8217; possibile installare il programma su pi\u00f9 computer per\u00f2 il suo uso \u00e8 limitato solo su un computer per volta. La dongle USB deve rimanere collegata al computer per tutto il tempo di esecuzione del programma.<\/p>\n<p>Acquistando o utilizzando il software l&#8217;utente accetta tutti i termini e le condizioni del\u00a0<a class=\"bbcode\" href=\"https:\/\/www.mtx-electronics.com\/docs\/DPF_Remover-Contratto_di_Licenza_Software.pdf\">contratto di licenza<\/a>. Se non si accettano e si rispettano questi termini, non \u00e8 possibile utilizzare il software o le sue funzionalit\u00e0.<\/p>\n<\/div>\n<h5>Acquisto e Spedizione<\/h5>\n<div class=\"fcontent-singlepage-content clearfix justify\">\n<p>I passi consigliati per acquistare sono:<\/p>\n<p>1. Richiedere il preventivo e le modalit\u00e0 di pagamento dalla pagina dei\u00a0contatti;<br \/>\n2. Registrare un account sul sito\u00a0cliccando qui\u00a0(serve per scaricare i futuri aggiornamenti);<br \/>\n3. La dongle USB sara&#8217; spedita entro 48h lavorative (escluso sabato) dalla ricezione del pagamento.<\/p>\n<p>Se avete bisogno della fattura Vi preghiamo di\u00a0contattarci\u00a0fornendo i dettagli dell&#8217;azienda prima dell&#8217;acquisto.<\/p>\n<p>La spedizione, se non precedentemente concordata con modalit\u00e0 diverse, avviene in Italia con corriere GLS o SDA e verso l&#8217;estero con GLS Parcel Service.<\/p>\n<\/div>\n<h5>Supporto e Aggiornamenti<\/h5>\n<div class=\"fcontent-singlepage-content clearfix justify\">\n<p>L&#8217;applicazione viene venduta con inclusi i primi 18 mesi di aggiornamenti alle nuove soluzioni.<\/p>\n<p>Il rinnovo del piano di abbonamento per ulteriori 18 mesi ha un costo di 488euro ed \u00e8 necessario solo per poter accedere alle nuove soluzioni realizzate dopo la data di scadenza.<\/p>\n<p>Se in futuro deciderai di non rinnovare il piano di abbonamento, il software continuer\u00e0 a funzionare e tutte le soluzioni create prima della data di scadenza riceveranno regolari aggiornamenti di manutenzione.<\/p>\n<p><strong class=\"bbcode bold\">Il software viene venduto cos\u00ec com&#8217;\u00e8 forniamo supporto solo per problemi relativi al software (esempio: guida all&#8217;installazione, how to, compatibilit\u00e0 PC, ecc&#8230;)<\/strong><\/p>\n<p>Se hai problemi con una soluzione su un veicolo puoi utilizzare la finestra &#8220;Invia all&#8217;assistenza&#8221; per segnalare il problema al nostro staff.<\/p>\n<\/div>\n<h5>Dov&#8217;e scaricare<\/h5>\n<div class=\"fcontent-singlepage-content clearfix justify\">\n<p>Per saricare la versione completa del software bisogna prima accedere al sito con le proprie credenziali e dopo andare alla pagina del\u00a0<a class=\"bbcode\" href=\"https:\/\/www.mtx-electronics.com\/license-manager.php\">gestore delle license<\/a>\u00a0dove c&#8217;\u00e8 un riepilogo delle informazioni sulle licenze abbinate e i link per scaricare le applicazioni acquistate.<\/p>\n<p>In fondo alla pagina si trova il link per scaricare la versione FREE del software.<\/p>\n<p>Cose da sapere per il primo utilizzo<br \/>\n&#8211; L&#8217;applicazione non pu\u00f2 essere eseguita contemporaneamente a software VPN (Virtaul Private Network);<br \/>\n&#8211; L&#8217;applicazione non pu\u00f2 essere eseguita all&#8217;interno di una macchina virtuale;<br \/>\n&#8211; L&#8217;applicazione richiede privilegi di amministrazione per avviarsi ed accedere alla porta USB;<br \/>\n&#8211; L&#8217;applicazione ufficialmente supporta solo Windows 7 SP1+, 8.1 e 10 il suo funzionamento su altri sistemi operativi non \u00e8 garantito;<br \/>\n&#8211; L&#8217;applicazione non \u00e8 compatibile con Windows XP.<\/p>\n<\/div>\n","protected":false},"excerpt":{"rendered":"<p>Allora di cosa tratta questa app?\u00a0<strong class=\"bbcode bold\">Petrol10<\/strong>, precedentemente noto come\u00a0<strong class=\"bbcode bold\">DPF Remover<\/strong>, \u00e8 l&#8217;applicazione multifunzione per le officine professionali che cercano una soluzione versatile per le loro faccende quotidiane di meccatronica.<\/p>\n<p>Perch\u00e9 il nome \u00e8 cambiato da\u00a0<strong class=\"bbcode bold\">DPF Remover<\/strong>\u00a0a\u00a0<strong class=\"bbcode bold\">Petrol10<\/strong>\u00a0(pronunciato Petrolio)? Mentre il mondo sta avanzando dalle sue dipendenze dai combustibili fossili all&#8217;era digitale, anche noi ci stiamo evolvendo con un nuovo approccio alla nostra proposta di marketing, quindi il nome cambia.<\/p>\n<p><a href=\"https:\/\/nataleautronic.com\/wp-content\/uploads\/2023\/12\/Lista-ECU-supportate.pdf\">Download lista Ecu<\/a><\/p>\n","protected":false},"featured_media":693,"comment_status":"closed","ping_status":"closed","template":"","meta":{"inline_featured_image":false},"product_brand":[],"product_cat":[39],"product_tag":[],"class_list":{"0":"post-692","1":"product","2":"type-product","3":"status-publish","4":"has-post-thumbnail","6":"product_cat-software","8":"first","9":"instock","10":"purchasable","11":"product-type-simple"},"_links":{"self":[{"href":"https:\/\/nataleautronic.com\/nuovo\/wp-json\/wp\/v2\/product\/692","targetHints":{"allow":["GET"]}}],"collection":[{"href":"https:\/\/nataleautronic.com\/nuovo\/wp-json\/wp\/v2\/product"}],"about":[{"href":"https:\/\/nataleautronic.com\/nuovo\/wp-json\/wp\/v2\/types\/product"}],"replies":[{"embeddable":true,"href":"https:\/\/nataleautronic.com\/nuovo\/wp-json\/wp\/v2\/comments?post=692"}],"wp:featuredmedia":[{"embeddable":true,"href":"https:\/\/nataleautronic.com\/nuovo\/wp-json\/wp\/v2\/media\/693"}],"wp:attachment":[{"href":"https:\/\/nataleautronic.com\/nuovo\/wp-json\/wp\/v2\/media?parent=692"}],"wp:term":[{"taxonomy":"product_brand","embeddable":true,"href":"https:\/\/nataleautronic.com\/nuovo\/wp-json\/wp\/v2\/product_brand?post=692"},{"taxonomy":"product_cat","embeddable":true,"href":"https:\/\/nataleautronic.com\/nuovo\/wp-json\/wp\/v2\/product_cat?post=692"},{"taxonomy":"product_tag","embeddable":true,"href":"https:\/\/nataleautronic.com\/nuovo\/wp-json\/wp\/v2\/product_tag?post=692"}],"curies":[{"name":"wp","href":"https:\/\/api.w.org\/{rel}","templated":true}]}}