{"id":306,"date":"2026-02-03T16:10:37","date_gmt":"2026-02-03T16:10:37","guid":{"rendered":"https:\/\/nataleautronic.com\/nuovo\/product\/carrello-mobile-porta-pc\/"},"modified":"2026-05-05T10:33:35","modified_gmt":"2026-05-05T10:33:35","slug":"carrello-mobile-porta-pc","status":"publish","type":"product","link":"https:\/\/nataleautronic.com\/nuovo\/shop\/carrello-mobile-porta-pc\/","title":{"rendered":"Carrello mobile porta PC"},"content":{"rendered":"<ul>\n<li>Multifunzionali &#8211; Ideale per l&#8217;uso come scrivania stand-up portatile per computer nell\u2019ufficio e anche pu\u00f2 essere utilizzata come un podio<\/li>\n<li>2 piattaforme spaziose &#8211; la piattaforma superiore (capacit\u00e0 massima di carico di 20 kg) \u00e8 ideale per computer portatili, libri, lezioni, ecc. Mentre lo scaffale inferiore (capacit\u00e0 massima di carico di 10 kg) puoi porre i piccoli accessori come occhiali, tazze, penne e cos\u00ec via<\/li>\n<li>L\u2019altezza regolabile &#8211; L\u2019altezza regolabile da 1030 mm fino a 1250 mm ,convertendo da sedere a stare in piedi , pi\u00f9 ergonomico; l&#8217;inclinazionela della piattaforma superiore tra 0-40 gradi<\/li>\n<li>Facile da spostare e fermare &#8211; Fornito di 4 ruote per spostare il tavolo facilmente in ogni direzione; il meccanismo di bloccaggio incorporato consente alla scrivania di essere fisso o mobile quando desiderato<\/li>\n<li>Resistenza e Stabilit\u00e0 &#8211; Il telaio in acciaio di alta qualit\u00e0 con rivestimento in polvere garantisce resistenza e stabilit\u00e0; i piedini posteriori a basso- profilo aiutano a posizionare la scrivania di lavoro vicino alla parete<\/li>\n<\/ul>\n","protected":false},"excerpt":{"rendered":"<p>Multifunzionali &#8211; Ideale per l&#8217;uso come scrivania stand-up portatile per computer nell\u2019ufficio e anche pu\u00f2 essere utilizzata come un podio 2 piattaforme spaziose &#8211; la piattaforma superiore (capacit\u00e0 massima di&hellip;<\/p>\n","protected":false},"featured_media":307,"comment_status":"closed","ping_status":"closed","template":"","meta":{"inline_featured_image":false},"product_brand":[19],"product_cat":[43],"product_tag":[],"class_list":{"0":"post-306","1":"product","2":"type-product","3":"status-publish","4":"has-post-thumbnail","6":"product_brand-alientech","7":"product_cat-alientech-accessori","9":"first","10":"instock","11":"purchasable","12":"product-type-simple"},"_links":{"self":[{"href":"https:\/\/nataleautronic.com\/nuovo\/wp-json\/wp\/v2\/product\/306","targetHints":{"allow":["GET"]}}],"collection":[{"href":"https:\/\/nataleautronic.com\/nuovo\/wp-json\/wp\/v2\/product"}],"about":[{"href":"https:\/\/nataleautronic.com\/nuovo\/wp-json\/wp\/v2\/types\/product"}],"replies":[{"embeddable":true,"href":"https:\/\/nataleautronic.com\/nuovo\/wp-json\/wp\/v2\/comments?post=306"}],"wp:featuredmedia":[{"embeddable":true,"href":"https:\/\/nataleautronic.com\/nuovo\/wp-json\/wp\/v2\/media\/307"}],"wp:attachment":[{"href":"https:\/\/nataleautronic.com\/nuovo\/wp-json\/wp\/v2\/media?parent=306"}],"wp:term":[{"taxonomy":"product_brand","embeddable":true,"href":"https:\/\/nataleautronic.com\/nuovo\/wp-json\/wp\/v2\/product_brand?post=306"},{"taxonomy":"product_cat","embeddable":true,"href":"https:\/\/nataleautronic.com\/nuovo\/wp-json\/wp\/v2\/product_cat?post=306"},{"taxonomy":"product_tag","embeddable":true,"href":"https:\/\/nataleautronic.com\/nuovo\/wp-json\/wp\/v2\/product_tag?post=306"}],"curies":[{"name":"wp","href":"https:\/\/api.w.org\/{rel}","templated":true}]}}