{"id":304,"date":"2026-02-03T16:10:37","date_gmt":"2026-02-03T16:10:37","guid":{"rendered":"https:\/\/nataleautronic.com\/nuovo\/product\/caricabatterie-pro60\/"},"modified":"2026-05-04T09:37:11","modified_gmt":"2026-05-04T09:37:11","slug":"caricabatterie-pro60","status":"publish","type":"product","link":"https:\/\/nataleautronic.com\/nuovo\/shop\/caricabatterie-pro60\/","title":{"rendered":"Caricabatterie PRO60"},"content":{"rendered":"<div class=\"tab__content tab__content--small-padding\">\n<div class=\"row product-info\">\n<div class=\"small-12 medium-8 columns\" data-equalizer-watch=\"\">\n<p>Caricabatterie professionale da 60 A con alimentazione variabile tra cui 12 V LiFePO4<\/p>\n<p>Il PRO60 di CTEK ripristina la carica e ricondiziona le batterie utilizzando un processo di ricarica brevettato multifase. \u00c8 compatibile con tutti i tipi di batteria a 12V incluse le normali a umido\/flooded, Ca\/Ca e al litio (LiFePO4) nonch\u00e9 le batterie Stop\/Start EFB e AGM. La modalit\u00e0 &#8220;Ricarica adattiva&#8221; PRO60 rileva automaticamente le impostazioni appropriate per la batteria e applica le impostazioni ottimali per una carica rapidissima. \u00c8 progettato per la semplicit\u00e0 d&#8217;uso con soli quattro pulsanti e un chiaro display LCD di facile lettura. Il PRO60 \u00e8 anche un alimentatore perfettamente stabile, con 12,6-14,8V disponibili in incrementi selezionabili di 0,1V. Ci\u00f2 assicura che non si verifichino danni ai delicati sistemi elettronici del veicolo.<\/p>\n<p>Caratteristiche<\/p>\n<ul class=\"tab__content__list\">\n<li class=\"tab__content__list__item\">Chiaro display LCD di facile lettura<\/li>\n<li class=\"tab__content__list__item\">L&#8217;esclusiva modalit\u00e0 Ricarica adattiva, in attesa di brevetto, rileva automaticamente l&#8217;amperaggio della batteria<\/li>\n<li class=\"tab__content__list__item\">Due modalit\u00e0 di alimentazione per diagnostica e uso in showroom<\/li>\n<li class=\"tab__content__list__item\">Compensazione integrata della temperatura<\/li>\n<li class=\"tab__content__list__item\">Robusto involucro esterno in policarbonato antiurto<\/li>\n<li class=\"tab__content__list__item\">Cavi da 5m e pinze per impieghi gravosi<\/li>\n<li class=\"tab__content__list__item\">Classe di protezione IP40 (utilizzo al chiuso)<\/li>\n<li class=\"tab__content__list__item\">Funzionamento sicuro a prova di scintille<\/li>\n<li class=\"tab__content__list__item\">A prova di inversione di polarit\u00e0<\/li>\n<li class=\"tab__content__list__item\">A prova di cortocircuito<\/li>\n<li class=\"tab__content__list__item\">Garanzia di 2 anni<\/li>\n<\/ul>\n<p>&nbsp;<\/p>\n<\/div>\n<\/div>\n<\/div>\n<div class=\"tab__content tab__content--small-padding fitting-accessories-main\">\n<div class=\"row\">\n<div class=\"small-12 medium-12 columns\" data-equalizer-watch=\"\">\n<div>\n<div>\n<div class=\"row\">\n<div class=\"small-12 columns\">\n<h2 class=\"product-detail__header-title\">ACCESSORI ADATTI<\/h2>\n<div class=\"content-container\">\n<div class=\"carousel-container-wrapper\">\n<div id=\"access-carousel-container\">\n<div id=\"access-slide-0\" class=\"carousel-item carousel-item-two\">\n<div class=\"testamonial-wrapper\">\n<div><\/div>\n<\/div>\n<\/div>\n<\/div>\n<\/div>\n<\/div>\n<\/div>\n<\/div>\n<\/div>\n<\/div>\n<\/div>\n<\/div>\n<\/div>\n","protected":false},"excerpt":{"rendered":"<p>Il PRO60 di CTEK \u00e8 un innovativo caricabatterie e alimentatore da 60A ad alta efficienza, specificamente studiato per le esigenze delle odierne officine. Con il suo modernissimo design, la tecnologia avanzata e le funzionalit\u00e0 all&#8217;avanguardia, \u00e8 la soluzione perfetta e onnicomprensiva per la ricarica, il mantenimento e il supporto delle batterie.<\/p>\n","protected":false},"featured_media":305,"comment_status":"closed","ping_status":"closed","template":"","meta":{"inline_featured_image":false},"product_brand":[19],"product_cat":[43],"product_tag":[],"class_list":{"0":"post-304","1":"product","2":"type-product","3":"status-publish","4":"has-post-thumbnail","6":"product_brand-alientech","7":"product_cat-alientech-accessori","9":"first","10":"instock","11":"purchasable","12":"product-type-simple"},"_links":{"self":[{"href":"https:\/\/nataleautronic.com\/nuovo\/wp-json\/wp\/v2\/product\/304","targetHints":{"allow":["GET"]}}],"collection":[{"href":"https:\/\/nataleautronic.com\/nuovo\/wp-json\/wp\/v2\/product"}],"about":[{"href":"https:\/\/nataleautronic.com\/nuovo\/wp-json\/wp\/v2\/types\/product"}],"replies":[{"embeddable":true,"href":"https:\/\/nataleautronic.com\/nuovo\/wp-json\/wp\/v2\/comments?post=304"}],"wp:featuredmedia":[{"embeddable":true,"href":"https:\/\/nataleautronic.com\/nuovo\/wp-json\/wp\/v2\/media\/305"}],"wp:attachment":[{"href":"https:\/\/nataleautronic.com\/nuovo\/wp-json\/wp\/v2\/media?parent=304"}],"wp:term":[{"taxonomy":"product_brand","embeddable":true,"href":"https:\/\/nataleautronic.com\/nuovo\/wp-json\/wp\/v2\/product_brand?post=304"},{"taxonomy":"product_cat","embeddable":true,"href":"https:\/\/nataleautronic.com\/nuovo\/wp-json\/wp\/v2\/product_cat?post=304"},{"taxonomy":"product_tag","embeddable":true,"href":"https:\/\/nataleautronic.com\/nuovo\/wp-json\/wp\/v2\/product_tag?post=304"}],"curies":[{"name":"wp","href":"https:\/\/api.w.org\/{rel}","templated":true}]}}