{"id":297,"date":"2026-02-03T16:10:37","date_gmt":"2026-02-03T16:10:37","guid":{"rendered":"https:\/\/nataleautronic.com\/nuovo\/product\/caricabatterie-mxt-14-eu\/"},"modified":"2026-05-04T10:29:39","modified_gmt":"2026-05-04T10:29:39","slug":"caricabatterie-mxt-14-eu","status":"publish","type":"product","link":"https:\/\/nataleautronic.com\/nuovo\/shop\/caricabatterie-mxt-14-eu\/","title":{"rendered":"Caricabatterie MXT 14 EU"},"content":{"rendered":"<div class=\"tab__content tab__content--small-padding\">\n<div class=\"row product-info\">\n<div class=\"small-12 medium-8 columns\" data-equalizer-watch=\"\">\n<p>Per veicoli pi\u00f9 pesanti con batterie da 24 V<\/p>\n<p>Il caricabatterie professionale a 8 fasi a 24V MXT 14 eroga una corrente di 14A per batterie a 24V da 28-300Ah ed \u00e8 indicato per la ricarica di mantenimento fino a 500Ah. Le funzionalit\u00e0 includono una diagnosi automatica della batteria per determinare se la batteria pu\u00f2 ricevere e mantenere una carica, una modalit\u00e0 di ricondizionamento per ripristinare e ricondizionare le batterie stratificate e molto scariche e un sensore di temperatura incorporato che ottimizza la ricarica a prescindere dalle condizioni ambientali. L&#8217;MXT 14 anche ha una modalit\u00e0 &#8220;Alimentazione&#8221; per poterlo utilizzare come alimentatore a 24V.<\/p>\n<p>Caratteristiche<\/p>\n<ul class=\"tab__content__list\">\n<li class=\"tab__content__list__item\">Ricarica in 8 fasi completamente automatica<\/li>\n<li class=\"tab__content__list__item\">Carica di mantenimento brevettata fino a 500Ah<\/li>\n<li class=\"tab__content__list__item\">Display a LED di facile lettura<\/li>\n<li class=\"tab__content__list__item\">Funzionamento sicuro a prova di scintille<\/li>\n<li class=\"tab__content__list__item\">A prova di inversione di polarit\u00e0<\/li>\n<li class=\"tab__content__list__item\">A prova di cortocircuito<\/li>\n<li class=\"tab__content__list__item\">Garanzia di 2 anni<\/li>\n<\/ul>\n<p>&nbsp;<\/p>\n<\/div>\n<\/div>\n<\/div>\n<div class=\"tab__content tab__content--small-padding fitting-accessories-main\">\n<div class=\"row\">\n<div class=\"small-12 medium-12 columns\" data-equalizer-watch=\"\">\n<div>\n<div>\n<div class=\"row\">\n<div class=\"small-12 columns\"><\/div>\n<\/div>\n<\/div>\n<\/div>\n<\/div>\n<\/div>\n<\/div>\n","protected":false},"excerpt":{"rendered":"<p>L&#8217;MXT 14 \u00e8 progettato per batterie soggette a considerevoli sollecitazioni, pertanto \u00e8 ideale per veicoli commerciali, autobus, camion e officine.<\/p>\n","protected":false},"featured_media":298,"comment_status":"closed","ping_status":"closed","template":"","meta":{"inline_featured_image":false},"product_brand":[19],"product_cat":[43],"product_tag":[],"class_list":{"0":"post-297","1":"product","2":"type-product","3":"status-publish","4":"has-post-thumbnail","6":"product_brand-alientech","7":"product_cat-alientech-accessori","9":"first","10":"instock","11":"purchasable","12":"product-type-simple"},"_links":{"self":[{"href":"https:\/\/nataleautronic.com\/nuovo\/wp-json\/wp\/v2\/product\/297","targetHints":{"allow":["GET"]}}],"collection":[{"href":"https:\/\/nataleautronic.com\/nuovo\/wp-json\/wp\/v2\/product"}],"about":[{"href":"https:\/\/nataleautronic.com\/nuovo\/wp-json\/wp\/v2\/types\/product"}],"replies":[{"embeddable":true,"href":"https:\/\/nataleautronic.com\/nuovo\/wp-json\/wp\/v2\/comments?post=297"}],"wp:featuredmedia":[{"embeddable":true,"href":"https:\/\/nataleautronic.com\/nuovo\/wp-json\/wp\/v2\/media\/298"}],"wp:attachment":[{"href":"https:\/\/nataleautronic.com\/nuovo\/wp-json\/wp\/v2\/media?parent=297"}],"wp:term":[{"taxonomy":"product_brand","embeddable":true,"href":"https:\/\/nataleautronic.com\/nuovo\/wp-json\/wp\/v2\/product_brand?post=297"},{"taxonomy":"product_cat","embeddable":true,"href":"https:\/\/nataleautronic.com\/nuovo\/wp-json\/wp\/v2\/product_cat?post=297"},{"taxonomy":"product_tag","embeddable":true,"href":"https:\/\/nataleautronic.com\/nuovo\/wp-json\/wp\/v2\/product_tag?post=297"}],"curies":[{"name":"wp","href":"https:\/\/api.w.org\/{rel}","templated":true}]}}