{"id":295,"date":"2026-02-03T16:10:37","date_gmt":"2026-02-03T16:10:37","guid":{"rendered":"https:\/\/nataleautronic.com\/nuovo\/product\/caricabatterie-pro25s-eu\/"},"modified":"2026-05-04T10:29:32","modified_gmt":"2026-05-04T10:29:32","slug":"caricabatterie-pro25s-eu","status":"publish","type":"product","link":"https:\/\/nataleautronic.com\/nuovo\/shop\/caricabatterie-pro25s-eu\/","title":{"rendered":"Caricabatterie PRO25S EU"},"content":{"rendered":"<p>La tecnologia avanzata garantisce una carica sicura e rapida per soddisfare esattamente le esigenze di ogni batteria. Il caricabatterie PRO25S dispone di un programma di ricondizionamento delle batterie al piombo acido per ripristinare la capacit\u00e0 della batteria e ricondizionare le batterie profondamente scariche. La modalit\u00e0 SUPPLY \u00e8 progettata per le operazioni di diagnostica o di ricerca dei guasti e supporta sbalzi di tensione e di corrente, garantendo assoluta sicurezza per la batteria e i delicati sistemi elettronici del veicolo. Completamente automatico e facile da utilizzare, \u00e8 anche molto semplice da collegare, a prova di scintilla e di inversione di polarit\u00e0 al fine di proteggere non solo l&#8217;utente, ma anche la batteria stessa. Il caricabatterie PRO25S \u00e8 progettato per garantire una facile gestione sia in officina che in concessionaria. Leggero e portabile, il robusto involucro esterno \u00e8 resistente agli urti e pu\u00f2 essere utilizzato negli ambienti di officina pi\u00f9 esigenti.<\/p>\n<p>Caratteristiche<\/p>\n<ul class=\"tab__content__list\">\n<li class=\"tab__content__list__item\">Funzionalit\u00e0 di sicurezza integrate per proteggere sia la batteria che il veicolo.<\/li>\n<li class=\"tab__content__list__item\">Sensore di temperatura incorporato per raggiugere il massimo livello di carica<\/li>\n<li class=\"tab__content__list__item\">Programma dedicato di ricondizionamento delle batterie al piombo acido per ripristinare la capacit\u00e0 della batteria e ricondizionare le batterie scariche.<\/li>\n<li class=\"tab__content__list__item\">Con classificazione IP44 per l&#8217;uso esterno<\/li>\n<li class=\"tab__content__list__item\">Leggero e altamente portabile<\/li>\n<li class=\"tab__content__list__item\">Resistente e robusto<\/li>\n<li class=\"tab__content__list__item\">2 anni di garanzia<\/li>\n<\/ul>\n","protected":false},"excerpt":{"rendered":"<p>PRO25S \u00e8 un caricabatterie e alimentatore da 25 A innovativo, versatile e di elevata efficienza, progettato per soddisfare le esigenze dei professionisti del settore automobilistico. Con la sua esclusiva combinazione di potenza e tecnologia avanzata, sicurezza, portabilit\u00e0 e flessibilit\u00e0 di funzionamento con qualsiasi tipo di batteria per veicoli a 12 V, incluse batterie al litio*, il caricabatterie PRO25S \u00e8 la soluzione ideale per le esigenze di carica professionali, in officina o in concessionaria. *) Batterie al litio da 12 V (LiFePO4, Li-Fe, Li-iron, LFP)<\/p>\n","protected":false},"featured_media":296,"comment_status":"closed","ping_status":"closed","template":"","meta":{"inline_featured_image":false},"product_brand":[19],"product_cat":[43],"product_tag":[],"class_list":{"0":"post-295","1":"product","2":"type-product","3":"status-publish","4":"has-post-thumbnail","6":"product_brand-alientech","7":"product_cat-alientech-accessori","9":"first","10":"instock","11":"purchasable","12":"product-type-simple"},"_links":{"self":[{"href":"https:\/\/nataleautronic.com\/nuovo\/wp-json\/wp\/v2\/product\/295","targetHints":{"allow":["GET"]}}],"collection":[{"href":"https:\/\/nataleautronic.com\/nuovo\/wp-json\/wp\/v2\/product"}],"about":[{"href":"https:\/\/nataleautronic.com\/nuovo\/wp-json\/wp\/v2\/types\/product"}],"replies":[{"embeddable":true,"href":"https:\/\/nataleautronic.com\/nuovo\/wp-json\/wp\/v2\/comments?post=295"}],"wp:featuredmedia":[{"embeddable":true,"href":"https:\/\/nataleautronic.com\/nuovo\/wp-json\/wp\/v2\/media\/296"}],"wp:attachment":[{"href":"https:\/\/nataleautronic.com\/nuovo\/wp-json\/wp\/v2\/media?parent=295"}],"wp:term":[{"taxonomy":"product_brand","embeddable":true,"href":"https:\/\/nataleautronic.com\/nuovo\/wp-json\/wp\/v2\/product_brand?post=295"},{"taxonomy":"product_cat","embeddable":true,"href":"https:\/\/nataleautronic.com\/nuovo\/wp-json\/wp\/v2\/product_cat?post=295"},{"taxonomy":"product_tag","embeddable":true,"href":"https:\/\/nataleautronic.com\/nuovo\/wp-json\/wp\/v2\/product_tag?post=295"}],"curies":[{"name":"wp","href":"https:\/\/api.w.org\/{rel}","templated":true}]}}